{"id":578,"date":"2020-04-07T14:17:54","date_gmt":"2020-04-07T12:17:54","guid":{"rendered":"https:\/\/wilhelm-Timm-Fliesen.de\/index.php\/?page_id=578"},"modified":"2020-04-09T14:50:13","modified_gmt":"2020-04-09T12:50:13","slug":"kleine-gruene-oase","status":"publish","type":"page","link":"https:\/\/wilhelm-Timm-Fliesen.de\/index.php\/referenzen\/kleine-gruene-oase\/","title":{"rendered":"Blick ins Gr\u00fcne"},"content":{"rendered":"[vc_row type=&#8220;full_width_background&#8220; full_screen_row_position=&#8220;middle&#8220; bg_image=&#8220;579&#8243; bg_position=&#8220;center center&#8220; bg_repeat=&#8220;no-repeat&#8220; full_height=&#8220;yes&#8220; columns_placement=&#8220;bottom&#8220; scene_position=&#8220;center&#8220; text_color=&#8220;dark&#8220; text_align=&#8220;left&#8220; overlay_strength=&#8220;0.3&#8243; shape_divider_position=&#8220;bottom&#8220; bg_image_animation=&#8220;none&#8220; shape_type=&#8220;&#8220;][vc_column column_padding=&#8220;no-extra-padding&#8220; column_padding_position=&#8220;all&#8220; background_color_opacity=&#8220;1&#8243; background_hover_color_opacity=&#8220;1&#8243; column_link_target=&#8220;_self&#8220; column_shadow=&#8220;none&#8220; column_border_radius=&#8220;none&#8220; width=&#8220;1\/1&#8243; tablet_width_inherit=&#8220;default&#8220; tablet_text_alignment=&#8220;default&#8220; phone_text_alignment=&#8220;default&#8220; column_border_width=&#8220;none&#8220; column_border_style=&#8220;solid&#8220; bg_image_animation=&#8220;none&#8220;][vc_custom_heading text=&#8220;KLEINE GR\u00dcNE OASE&#8220; font_container=&#8220;tag:h1|font_size:80|text_align:left&#8220; use_theme_fonts=&#8220;yes&#8220; css=&#8220;.vc_custom_1586255186850{margin-bottom: 200px !important;}&#8220;][\/vc_column][\/vc_row][vc_row type=&#8220;in_container&#8220; full_screen_row_position=&#8220;middle&#8220; scene_position=&#8220;center&#8220; text_color=&#8220;dark&#8220; text_align=&#8220;left&#8220; top_padding=&#8220;75&#8243; overlay_strength=&#8220;0.3&#8243; shape_divider_position=&#8220;bottom&#8220; bg_image_animation=&#8220;none&#8220; shape_type=&#8220;&#8220;][vc_column column_padding=&#8220;no-extra-padding&#8220; column_padding_position=&#8220;all&#8220; background_color_opacity=&#8220;1&#8243; background_hover_color_opacity=&#8220;1&#8243; column_link_target=&#8220;_self&#8220; column_shadow=&#8220;none&#8220; column_border_radius=&#8220;none&#8220; width=&#8220;1\/3&#8243; tablet_width_inherit=&#8220;default&#8220; tablet_text_alignment=&#8220;default&#8220; phone_text_alignment=&#8220;default&#8220; column_border_width=&#8220;none&#8220; column_border_style=&#8220;solid&#8220; bg_image_animation=&#8220;none&#8220;][vc_gallery type=&#8220;nectarslider_style&#8220; images=&#8220;581,583&#8243; bullet_navigation_style=&#8220;see_through&#8220; onclick=&#8220;link_no&#8220; img_size=&#8220;800&#8243;][\/vc_column][vc_column column_padding=&#8220;no-extra-padding&#8220; column_padding_position=&#8220;all&#8220; background_color_opacity=&#8220;1&#8243; background_hover_color_opacity=&#8220;1&#8243; column_link_target=&#8220;_self&#8220; column_shadow=&#8220;none&#8220; column_border_radius=&#8220;none&#8220; width=&#8220;2\/3&#8243; tablet_width_inherit=&#8220;default&#8220; tablet_text_alignment=&#8220;default&#8220; phone_text_alignment=&#8220;default&#8220; column_border_width=&#8220;none&#8220; column_border_style=&#8220;solid&#8220; bg_image_animation=&#8220;none&#8220;][vc_column_text]\n<h3>AUSGANGSLAGE<\/h3>\n<p>Das kleine Badezimmer war in die Jahre gekommen: weisse, quadratische Fliesen an den W\u00e4nden und am Boden wirkten wenig einladend und liessen den ganzen Raum sehr klein und getrunken erscheinen.<\/p>\n<p>Die Bauherren w\u00fcnschten sich ein aufger\u00e4umteres, moderneres Design, welches den Raum nicht nur optisch aufwerten sollte, sondern ihm auch ein luftigeres Gef\u00fchl verpassen w\u00fcrde.<\/p>\n<p>Dieses Projekt war eines der ersten, welches wir bereits w\u00e4hrend der Planung am Computer visualisiert haben. Ein Service, der es dem Kunden deutlich einfacher macht, sich dann ganze Projekt vorzustellen und eine Auswahl, f\u00fcr z.B. Fliesen zu treffen und den wir seit dem regelm\u00e4\u00dfig einsetzen.[\/vc_column_text][\/vc_column][\/vc_row][vc_row type=&#8220;in_container&#8220; full_screen_row_position=&#8220;middle&#8220; scene_position=&#8220;center&#8220; text_color=&#8220;dark&#8220; text_align=&#8220;left&#8220; overlay_strength=&#8220;0.3&#8243; shape_divider_position=&#8220;bottom&#8220; bg_image_animation=&#8220;none&#8220;][vc_column column_padding=&#8220;no-extra-padding&#8220; column_padding_position=&#8220;all&#8220; background_color_opacity=&#8220;1&#8243; background_hover_color_opacity=&#8220;1&#8243; column_link_target=&#8220;_self&#8220; column_shadow=&#8220;none&#8220; column_border_radius=&#8220;none&#8220; width=&#8220;1\/4&#8243; tablet_width_inherit=&#8220;default&#8220; tablet_text_alignment=&#8220;default&#8220; phone_text_alignment=&#8220;default&#8220; column_border_width=&#8220;none&#8220; column_border_style=&#8220;solid&#8220; bg_image_animation=&#8220;none&#8220;][vc_column_text]\n<h3>L\u00d6SUNG<\/h3>\n<p>Nachdem der Raum entkernt wurde, koordinierten wir die Elektroinstallationen f\u00fcr die neu geplante Elektroheizung und die Lichttechnik. Anschliessend konnte durch den Installateur die Rohinstallation fertiggestellt werden. Wir konnten mit unseren Arbeiten beginnen.<\/p>\n<p>Im ersten Schritt wurden 3 der W\u00e4nde z\u00fcgig mit Gipskarton verkleidet. Die Kopfwand wurde mit Wedi-Bauplatten raumhoch verkleidet um dort eine Nische herzustellen. Anschliessend konnte die Fl\u00e4chenheizung verlegt und getestet werden. Dieser Test wird nat\u00fcrlich vor Verlegung der Fliesen durchgef\u00fchrt, um m\u00f6gliche Besch\u00e4digungen am Heizleiter \u00a0feststellen und korrigieren zu k\u00f6nnen. Nach positivem Testergebnis konnte der Boden final gespachtelt werden.[\/vc_column_text][\/vc_column][vc_column column_padding=&#8220;padding-5-percent&#8220; column_padding_position=&#8220;bottom-right&#8220; background_color_opacity=&#8220;1&#8243; background_hover_color_opacity=&#8220;1&#8243; column_link_target=&#8220;_self&#8220; column_shadow=&#8220;none&#8220; column_border_radius=&#8220;none&#8220; width=&#8220;3\/4&#8243; tablet_width_inherit=&#8220;default&#8220; tablet_text_alignment=&#8220;default&#8220; phone_text_alignment=&#8220;default&#8220; column_border_width=&#8220;none&#8220; column_border_style=&#8220;solid&#8220; bg_image_animation=&#8220;none&#8220;][vc_gallery type=&#8220;nectarslider_style&#8220; images=&#8220;585,586,587,588,589,590&#8243; bullet_navigation_style=&#8220;see_through&#8220; onclick=&#8220;link_no&#8220; img_size=&#8220;400&#8243;][\/vc_column][\/vc_row][vc_row type=&#8220;in_container&#8220; full_screen_row_position=&#8220;middle&#8220; scene_position=&#8220;center&#8220; text_color=&#8220;dark&#8220; text_align=&#8220;left&#8220; overlay_strength=&#8220;0.3&#8243; shape_divider_position=&#8220;bottom&#8220; bg_image_animation=&#8220;none&#8220;][vc_column column_padding=&#8220;no-extra-padding&#8220; column_padding_position=&#8220;all&#8220; background_color_opacity=&#8220;1&#8243; background_hover_color_opacity=&#8220;1&#8243; column_link_target=&#8220;_self&#8220; column_shadow=&#8220;none&#8220; column_border_radius=&#8220;none&#8220; width=&#8220;3\/4&#8243; tablet_width_inherit=&#8220;default&#8220; tablet_text_alignment=&#8220;default&#8220; phone_text_alignment=&#8220;default&#8220; column_border_width=&#8220;none&#8220; column_border_style=&#8220;solid&#8220; bg_image_animation=&#8220;none&#8220;][vc_gallery type=&#8220;nectarslider_style&#8220; images=&#8220;583,591,592,593&#8243; bullet_navigation_style=&#8220;see_through&#8220; onclick=&#8220;link_no&#8220; img_size=&#8220;400&#8243;][\/vc_column][vc_column column_padding=&#8220;no-extra-padding&#8220; column_padding_position=&#8220;all&#8220; background_color_opacity=&#8220;1&#8243; background_hover_color_opacity=&#8220;1&#8243; column_link_target=&#8220;_self&#8220; column_shadow=&#8220;none&#8220; column_border_radius=&#8220;none&#8220; width=&#8220;1\/4&#8243; tablet_width_inherit=&#8220;default&#8220; tablet_text_alignment=&#8220;default&#8220; phone_text_alignment=&#8220;default&#8220; column_border_width=&#8220;none&#8220; column_border_style=&#8220;solid&#8220; bg_image_animation=&#8220;none&#8220;][vc_column_text]W\u00e4hrend der Planung des neuen Badezimmers war bereits klar geworden, dass die Kunden sich ein optisches Highlight w\u00fcnschten. Ein Blickfang, der von der geringen Raumgr\u00f6\u00dfe ablenken sollte und dem Raum trotz neuem Minimalismus etwas besonderes geben sollte. Gemeinsam entscheiden wir uns daher f\u00fcr eine Mooswand von Benetti Moss, welche mithilfe von Schl\u00fcter Liprotec gekonnt in Szene gesetzt werden sollte. Mehr als 16 Millionen Farben k\u00f6nnen per Handy App oder Fernbedienung eingestellt werden. 192 LEDs erzeugen ein absolut homogenes Lichtbild, ohne Punktbildung und Hotspots.<\/p>\n<p>Als letztes Standen dann noch Fliesen auf dem Plan. Auf dem Boden haben wir das raumbreite Format 120 x 60 verlegt und konnten so das <span class=\"_5afx\"><span class=\"_58cm\">Fugenbild<\/span><\/span> auf zwei Querfugen reduzieren, dass sieht nicht nur gut aus, sondern ist auch sehr pflegeleicht.<\/p>\n<p>Das selbe Fliesenmodell haben wir im Format 30 x 60 auf die W\u00e4nde aufgebracht.<br \/>\nDie Kanten haben wir mit <span class=\"_5afx\"><span class=\"_58cm\">Quad<\/span><\/span><span class=\"_5afx\"><span class=\"_58cm\">r<\/span><\/span><span class=\"_5afx\"><span class=\"_58cm\">atprofilen<\/span><\/span> aus <span class=\"_5afx\"><span class=\"_58cm\">Chrom<\/span><\/span> versehen, welche hervorragend zu den <span class=\"_5afx\"><span class=\"_58cm\">Armaturen<\/span><\/span>, der <span class=\"_5afx\"><span class=\"_58cm\">Dr\u00fcc<\/span><\/span><span class=\"_5afx\"><span class=\"_58cm\">k<\/span><\/span><span class=\"_5afx\"><span class=\"_58cm\">erplatte<\/span><\/span> und dem Spiegel passt.<\/p>\n<p>Der Raum hat im Gesamten zwar ein wenig an Platz verloren, wirkt aber, durch das minimalistische <span class=\"_5afx\"><span class=\"_58cm\">Design<\/span><\/span> und die gro\u00dfformatigen Platten, tats\u00e4chlich deutlich gr\u00f6\u00dfer als vorher.[\/vc_column_text][\/vc_column][\/vc_row][vc_row type=&#8220;in_container&#8220; full_screen_row_position=&#8220;middle&#8220; scene_position=&#8220;center&#8220; text_color=&#8220;dark&#8220; text_align=&#8220;left&#8220; overlay_strength=&#8220;0.3&#8243; shape_divider_position=&#8220;bottom&#8220; bg_image_animation=&#8220;none&#8220;][vc_column column_padding=&#8220;no-extra-padding&#8220; column_padding_position=&#8220;all&#8220; background_color_opacity=&#8220;1&#8243; background_hover_color_opacity=&#8220;1&#8243; column_link_target=&#8220;_self&#8220; column_shadow=&#8220;none&#8220; column_border_radius=&#8220;none&#8220; width=&#8220;1\/1&#8243; tablet_width_inherit=&#8220;default&#8220; tablet_text_alignment=&#8220;default&#8220; phone_text_alignment=&#8220;default&#8220; column_border_width=&#8220;none&#8220; column_border_style=&#8220;solid&#8220; bg_image_animation=&#8220;none&#8220;][vc_gallery type=&#8220;flexslider_style&#8220; images=&#8220;595,596,597,598,599,600,601,594&#8243; onclick=&#8220;link_no&#8220; img_size=&#8220;full&#8220;][\/vc_column][\/vc_row]\n","protected":false},"excerpt":{"rendered":"<p>[vc_row type=&#8220;full_width_background&#8220; full_screen_row_position=&#8220;middle&#8220; bg_image=&#8220;579&#8243; bg_position=&#8220;center center&#8220; bg_repeat=&#8220;no-repeat&#8220; full_height=&#8220;yes&#8220; columns_placement=&#8220;bottom&#8220; scene_position=&#8220;center&#8220; text_color=&#8220;dark&#8220; text_align=&#8220;left&#8220; overlay_strength=&#8220;0.3&#8243; shape_divider_position=&#8220;bottom&#8220; bg_image_animation=&#8220;none&#8220; shape_type=&#8220;&#8220;][vc_column column_padding=&#8220;no-extra-padding&#8220; column_padding_position=&#8220;all&#8220; background_color_opacity=&#8220;1&#8243; background_hover_color_opacity=&#8220;1&#8243; column_link_target=&#8220;_self&#8220; column_shadow=&#8220;none&#8220; column_border_radius=&#8220;none&#8220; width=&#8220;1\/1&#8243; tablet_width_inherit=&#8220;default&#8220; tablet_text_alignment=&#8220;default&#8220; phone_text_alignment=&#8220;default&#8220; column_border_width=&#8220;none&#8220; column_border_style=&#8220;solid&#8220; bg_image_animation=&#8220;none&#8220;][vc_custom_heading&#8230;<\/p>\n","protected":false},"author":1,"featured_media":600,"parent":9,"menu_order":0,"comment_status":"closed","ping_status":"closed","template":"","meta":{"footnotes":""},"class_list":["post-578","page","type-page","status-publish","has-post-thumbnail"],"_links":{"self":[{"href":"https:\/\/wilhelm-Timm-Fliesen.de\/index.php\/wp-json\/wp\/v2\/pages\/578","targetHints":{"allow":["GET"]}}],"collection":[{"href":"https:\/\/wilhelm-Timm-Fliesen.de\/index.php\/wp-json\/wp\/v2\/pages"}],"about":[{"href":"https:\/\/wilhelm-Timm-Fliesen.de\/index.php\/wp-json\/wp\/v2\/types\/page"}],"author":[{"embeddable":true,"href":"https:\/\/wilhelm-Timm-Fliesen.de\/index.php\/wp-json\/wp\/v2\/users\/1"}],"replies":[{"embeddable":true,"href":"https:\/\/wilhelm-Timm-Fliesen.de\/index.php\/wp-json\/wp\/v2\/comments?post=578"}],"version-history":[{"count":23,"href":"https:\/\/wilhelm-Timm-Fliesen.de\/index.php\/wp-json\/wp\/v2\/pages\/578\/revisions"}],"predecessor-version":[{"id":664,"href":"https:\/\/wilhelm-Timm-Fliesen.de\/index.php\/wp-json\/wp\/v2\/pages\/578\/revisions\/664"}],"up":[{"embeddable":true,"href":"https:\/\/wilhelm-Timm-Fliesen.de\/index.php\/wp-json\/wp\/v2\/pages\/9"}],"wp:featuredmedia":[{"embeddable":true,"href":"https:\/\/wilhelm-Timm-Fliesen.de\/index.php\/wp-json\/wp\/v2\/media\/600"}],"wp:attachment":[{"href":"https:\/\/wilhelm-Timm-Fliesen.de\/index.php\/wp-json\/wp\/v2\/media?parent=578"}],"curies":[{"name":"wp","href":"https:\/\/api.w.org\/{rel}","templated":true}]}}