{"id":76,"date":"2019-08-20T13:40:55","date_gmt":"2019-08-20T11:40:55","guid":{"rendered":"http:\/\/wp12274780.server-he.de\/TIMM\/?page_id=76"},"modified":"2023-09-20T13:54:51","modified_gmt":"2023-09-20T11:54:51","slug":"wir-suchen-sie","status":"publish","type":"page","link":"https:\/\/wilhelm-Timm-Fliesen.de\/index.php\/ueber-uns\/wir-suchen-sie\/","title":{"rendered":"Wir suchen dich"},"content":{"rendered":"[vc_row type=&#8220;full_width_background&#8220; full_screen_row_position=&#8220;middle&#8220; bg_image=&#8220;78&#8243; bg_position=&#8220;center center&#8220; bg_repeat=&#8220;no-repeat&#8220; scene_position=&#8220;center&#8220; text_color=&#8220;dark&#8220; text_align=&#8220;left&#8220; overlay_strength=&#8220;0.3&#8243; shape_divider_position=&#8220;bottom&#8220; bg_image_animation=&#8220;none&#8220; shape_type=&#8220;&#8220;][vc_column column_padding=&#8220;no-extra-padding&#8220; column_padding_position=&#8220;all&#8220; background_color_opacity=&#8220;1&#8243; background_hover_color_opacity=&#8220;1&#8243; column_link_target=&#8220;_self&#8220; column_shadow=&#8220;none&#8220; column_border_radius=&#8220;none&#8220; width=&#8220;1\/1&#8243; tablet_width_inherit=&#8220;default&#8220; tablet_text_alignment=&#8220;default&#8220; phone_text_alignment=&#8220;default&#8220; column_border_width=&#8220;none&#8220; column_border_style=&#8220;solid&#8220; bg_image_animation=&#8220;none&#8220;][divider line_type=&#8220;No Line&#8220; custom_height=&#8220;400&#8243;][\/vc_column][\/vc_row][vc_row type=&#8220;in_container&#8220; full_screen_row_position=&#8220;middle&#8220; scene_position=&#8220;center&#8220; text_color=&#8220;dark&#8220; text_align=&#8220;left&#8220; overlay_strength=&#8220;0.3&#8243; shape_divider_position=&#8220;bottom&#8220; bg_image_animation=&#8220;none&#8220;][vc_column column_padding=&#8220;no-extra-padding&#8220; column_padding_position=&#8220;all&#8220; background_color_opacity=&#8220;1&#8243; background_hover_color_opacity=&#8220;1&#8243; column_link_target=&#8220;_self&#8220; column_shadow=&#8220;none&#8220; column_border_radius=&#8220;none&#8220; width=&#8220;1\/1&#8243; tablet_width_inherit=&#8220;default&#8220; tablet_text_alignment=&#8220;default&#8220; phone_text_alignment=&#8220;default&#8220; column_border_width=&#8220;none&#8220; column_border_style=&#8220;solid&#8220; bg_image_animation=&#8220;none&#8220;][vc_column_text css=&#8220;.vc_custom_1635256769601{margin-top: -40px !important;}&#8220;]\n<h1>WIR SUCHEN DICH<\/h1>\n[\/vc_column_text][\/vc_column][\/vc_row][vc_row type=&#8220;in_container&#8220; full_screen_row_position=&#8220;middle&#8220; scene_position=&#8220;center&#8220; text_color=&#8220;dark&#8220; text_align=&#8220;left&#8220; overlay_strength=&#8220;0.3&#8243; shape_divider_position=&#8220;bottom&#8220; bg_image_animation=&#8220;none&#8220;][vc_column column_padding=&#8220;no-extra-padding&#8220; column_padding_position=&#8220;all&#8220; background_color_opacity=&#8220;1&#8243; background_hover_color_opacity=&#8220;1&#8243; column_link_target=&#8220;_self&#8220; column_shadow=&#8220;none&#8220; column_border_radius=&#8220;none&#8220; width=&#8220;1\/2&#8243; tablet_width_inherit=&#8220;default&#8220; tablet_text_alignment=&#8220;default&#8220; phone_text_alignment=&#8220;default&#8220; column_border_width=&#8220;none&#8220; column_border_style=&#8220;solid&#8220; bg_image_animation=&#8220;none&#8220;][\/vc_column][vc_column column_padding=&#8220;no-extra-padding&#8220; column_padding_position=&#8220;all&#8220; background_color_opacity=&#8220;1&#8243; background_hover_color_opacity=&#8220;1&#8243; column_link_target=&#8220;_self&#8220; column_shadow=&#8220;none&#8220; column_border_radius=&#8220;none&#8220; width=&#8220;1\/2&#8243; tablet_width_inherit=&#8220;default&#8220; tablet_text_alignment=&#8220;default&#8220; phone_text_alignment=&#8220;default&#8220; column_border_width=&#8220;none&#8220; column_border_style=&#8220;solid&#8220; bg_image_animation=&#8220;none&#8220;][vc_column_text]Das Fliesenlegerhandwerk geh\u00f6rt nicht nur zu den traditionellen Handwerksberufen, sondern ist auch eine Aufgabe mit gestalterischem und oftmals auch k\u00fcnstlerischem Anspruch. Kompetente und gut ausgebildete Fliesen-, Platten- und Mosaikleger beherrschen sowohl moderne als auch traditionelle Verlegeverfahren und verf\u00fcgen \u00fcber die n\u00f6tigen fachlichen Kenntnisse, die f\u00fcr ein herausragendes Fliesenergebnis sorgen.[\/vc_column_text][\/vc_column][\/vc_row][vc_row type=&#8220;in_container&#8220; full_screen_row_position=&#8220;middle&#8220; scene_position=&#8220;center&#8220; text_color=&#8220;dark&#8220; text_align=&#8220;left&#8220; overlay_strength=&#8220;0.3&#8243; shape_divider_position=&#8220;bottom&#8220; bg_image_animation=&#8220;none&#8220; shape_type=&#8220;&#8220;][vc_column centered_text=&#8220;true&#8220; column_padding=&#8220;padding-10-percent&#8220; column_padding_position=&#8220;top-bottom&#8220; background_color_opacity=&#8220;1&#8243; background_hover_color_opacity=&#8220;1&#8243; video_bg=&#8220;use_video&#8220; video_mp4=&#8220;https:\/\/wilhelm-Timm-Fliesen.de\/wp-content\/uploads\/2021\/10\/Flliesenleger-gesucht.mp4&#8243; column_link_target=&#8220;_self&#8220; column_shadow=&#8220;none&#8220; column_border_radius=&#8220;none&#8220; width=&#8220;1\/1&#8243; tablet_width_inherit=&#8220;default&#8220; tablet_text_alignment=&#8220;default&#8220; phone_text_alignment=&#8220;default&#8220; column_border_width=&#8220;none&#8220; column_border_style=&#8220;solid&#8220; bg_image_animation=&#8220;none&#8220;][nectar_video_lightbox link_style=&#8220;play_button_with_text&#8220; nectar_play_button_color=&#8220;Default-Accent-Color&#8220; font_style=&#8220;p&#8220; video_url=&#8220;https:\/\/youtu.be\/4iFDKNCaJ5Q&#8220;][\/vc_column][\/vc_row][vc_row type=&#8220;in_container&#8220; full_screen_row_position=&#8220;middle&#8220; scene_position=&#8220;center&#8220; text_color=&#8220;dark&#8220; text_align=&#8220;left&#8220; top_padding=&#8220;50&#8243; bottom_padding=&#8220;50&#8243; overlay_strength=&#8220;0.3&#8243; shape_divider_position=&#8220;bottom&#8220; bg_image_animation=&#8220;none&#8220; shape_type=&#8220;&#8220;][vc_column column_padding=&#8220;no-extra-padding&#8220; column_padding_position=&#8220;all&#8220; background_color_opacity=&#8220;1&#8243; background_hover_color_opacity=&#8220;1&#8243; column_link_target=&#8220;_self&#8220; column_shadow=&#8220;none&#8220; column_border_radius=&#8220;none&#8220; width=&#8220;1\/2&#8243; tablet_width_inherit=&#8220;default&#8220; tablet_text_alignment=&#8220;default&#8220; phone_text_alignment=&#8220;default&#8220; column_border_width=&#8220;none&#8220; column_border_style=&#8220;solid&#8220; bg_image_animation=&#8220;none&#8220;][vc_column_text]\n<h2>Fliesenleger (m\/w\/d)<\/h2>\n[\/vc_column_text][\/vc_column][vc_column column_padding=&#8220;no-extra-padding&#8220; column_padding_position=&#8220;all&#8220; background_color_opacity=&#8220;1&#8243; background_hover_color_opacity=&#8220;1&#8243; column_link_target=&#8220;_self&#8220; column_shadow=&#8220;none&#8220; column_border_radius=&#8220;none&#8220; width=&#8220;1\/2&#8243; tablet_width_inherit=&#8220;default&#8220; tablet_text_alignment=&#8220;default&#8220; phone_text_alignment=&#8220;default&#8220; column_border_width=&#8220;none&#8220; column_border_style=&#8220;solid&#8220; bg_image_animation=&#8220;none&#8220;][vc_column_text]Wir sind f\u00fcr Privat- und Gro\u00dfkunden im Umkreis von ca. 100km t\u00e4tig und realisieren mit unseren Kooperationspartnern hochwertige Projekte.<br data-w-id=\"c64c4122-079f-54d6-c735-6a3eced3626f\" data-wf-id=\"[&quot;c64c4122-079f-54d6-c735-6a3eced3626f&quot;]\" \/>\u200d<br data-w-id=\"673a34a4-1856-1da7-f077-84897ccce5c5\" data-wf-id=\"[&quot;673a34a4-1856-1da7-f077-84897ccce5c5&quot;]\" \/><strong data-w-id=\"68d77354-f1b6-3935-3bf3-dc277d0cc290\" data-wf-id=\"[&quot;68d77354-f1b6-3935-3bf3-dc277d0cc290&quot;]\">Wir bieten Dir<br data-w-id=\"e9e2705b-87bf-7c31-82c2-e666e56c312b\" data-wf-id=\"[&quot;e9e2705b-87bf-7c31-82c2-e666e56c312b&quot;]\" \/><\/strong>&#8211; Sicherheit \u2013 durch eine Festanstellung nach Probezeit und eine ganzj\u00e4hrige Besch\u00e4ftigung<br data-w-id=\"f5e49c76-f088-5884-d721-e25b606a6407\" data-wf-id=\"[&quot;f5e49c76-f088-5884-d721-e25b606a6407&quot;]\" \/>&#8211; Vertrauen \u2013 in Dich und Deine F\u00e4higkeiten als Profi im Handwerk sowie Zusammenhalt.<br data-w-id=\"11d35054-65ef-21f7-95a4-d7c2c55302bc\" data-wf-id=\"[&quot;11d35054-65ef-21f7-95a4-d7c2c55302bc&quot;]\" \/>&#8211; Wertsch\u00e4tzung und Respekt im Familien gef\u00fchrten Unternehmen<br data-w-id=\"3fa2d2c5-80f7-667a-1c76-ed51b7a21000\" data-wf-id=\"[&quot;3fa2d2c5-80f7-667a-1c76-ed51b7a21000&quot;]\" \/>&#8211; Eine moderne PKW-Flotte<br data-w-id=\"8357da61-2212-bc79-0c7a-cbdd53097a50\" data-wf-id=\"[&quot;8357da61-2212-bc79-0c7a-cbdd53097a50&quot;]\" \/>&#8211; Arbeitsschutz und Sicherheitskleidung<br data-w-id=\"c59a5b3c-2ca5-5153-6500-b531a4d6bd46\" data-wf-id=\"[&quot;c59a5b3c-2ca5-5153-6500-b531a4d6bd46&quot;]\" \/>\u200d<br data-w-id=\"47f4cd3e-cede-5ad0-4db3-b5a5082bf50f\" data-wf-id=\"[&quot;47f4cd3e-cede-5ad0-4db3-b5a5082bf50f&quot;]\" \/><strong data-w-id=\"035b7ac7-624b-90ee-1df6-e2845459eb0b\" data-wf-id=\"[&quot;035b7ac7-624b-90ee-1df6-e2845459eb0b&quot;]\">Wir suchen Mitarbeiter mit folgendem Profil<br data-w-id=\"f2ac4a6a-ee66-6788-21ce-d61a3c577f36\" data-wf-id=\"[&quot;f2ac4a6a-ee66-6788-21ce-d61a3c577f36&quot;]\" \/><\/strong>&#8211; Abgeschlossene Ausbildung zum Fliesenleger w\u00e4re ideal<br data-w-id=\"c3582773-c012-2313-a01f-0c08d7763745\" data-wf-id=\"[&quot;c3582773-c012-2313-a01f-0c08d7763745&quot;]\" \/>&#8211; G\u00fcltiger PKW F\u00fchrerschein<br data-w-id=\"b90a29b8-094f-d40d-d3a7-12d69e13d6e7\" data-wf-id=\"[&quot;b90a29b8-094f-d40d-d3a7-12d69e13d6e7&quot;]\" \/>&#8211; Freude und Tatkraft \u2013 die gerne anpacken und die genug haben vom unfreundlichen Ton auf der Baustelle<br data-w-id=\"b3a0ca2c-eb64-8eb3-98ba-e86163ceaf65\" data-wf-id=\"[&quot;b3a0ca2c-eb64-8eb3-98ba-e86163ceaf65&quot;]\" \/>&#8211; Qualit\u00e4tsanspruch und Kundenorientierung \u2013 durch eine sorgf\u00e4ltige und fachgerechte, saubere Arbeitsweise.<br data-w-id=\"73aefa5b-360c-7a9d-aa87-93510f366944\" data-wf-id=\"[&quot;73aefa5b-360c-7a9d-aa87-93510f366944&quot;]\" \/>&#8211; Leidenschaft und \u00dcberzeugung \u2013 f\u00fcr echtes Fliesenlegerhandwerk[\/vc_column_text][\/vc_column][\/vc_row][vc_row type=&#8220;in_container&#8220; full_screen_row_position=&#8220;middle&#8220; scene_position=&#8220;center&#8220; text_color=&#8220;dark&#8220; text_align=&#8220;left&#8220; top_padding=&#8220;50&#8243; bottom_padding=&#8220;50&#8243; overlay_strength=&#8220;0.3&#8243; shape_divider_position=&#8220;bottom&#8220; bg_image_animation=&#8220;none&#8220; shape_type=&#8220;&#8220;][vc_column column_padding=&#8220;no-extra-padding&#8220; column_padding_position=&#8220;all&#8220; background_color_opacity=&#8220;1&#8243; background_hover_color_opacity=&#8220;1&#8243; column_link_target=&#8220;_self&#8220; column_shadow=&#8220;none&#8220; column_border_radius=&#8220;none&#8220; width=&#8220;1\/2&#8243; tablet_width_inherit=&#8220;default&#8220; tablet_text_alignment=&#8220;default&#8220; phone_text_alignment=&#8220;default&#8220; column_border_width=&#8220;none&#8220; column_border_style=&#8220;solid&#8220; bg_image_animation=&#8220;none&#8220;][vc_column_text]\n<h2>Haumeister (m\/w\/d)<\/h2>\n[\/vc_column_text][\/vc_column][vc_column column_padding=&#8220;no-extra-padding&#8220; column_padding_position=&#8220;all&#8220; background_color_opacity=&#8220;1&#8243; background_hover_color_opacity=&#8220;1&#8243; column_link_target=&#8220;_self&#8220; column_shadow=&#8220;none&#8220; column_border_radius=&#8220;none&#8220; width=&#8220;1\/2&#8243; tablet_width_inherit=&#8220;default&#8220; tablet_text_alignment=&#8220;default&#8220; phone_text_alignment=&#8220;default&#8220; column_border_width=&#8220;none&#8220; column_border_style=&#8220;solid&#8220; bg_image_animation=&#8220;none&#8220;][vc_column_text]F\u00fcr unsere Unternehmenszentrale in Oberhausen suchen wir zum 01.01. eine helfende Hand auf Minijob-Basis<br data-w-id=\"c64c4122-079f-54d6-c735-6a3eced3626f\" data-wf-id=\"[&quot;c64c4122-079f-54d6-c735-6a3eced3626f&quot;]\" \/>\u200d<br data-w-id=\"673a34a4-1856-1da7-f077-84897ccce5c5\" data-wf-id=\"[&quot;673a34a4-1856-1da7-f077-84897ccce5c5&quot;]\" \/><strong data-w-id=\"68d77354-f1b6-3935-3bf3-dc277d0cc290\" data-wf-id=\"[&quot;68d77354-f1b6-3935-3bf3-dc277d0cc290&quot;]\">Wir bieten Dir<br data-w-id=\"e9e2705b-87bf-7c31-82c2-e666e56c312b\" data-wf-id=\"[&quot;e9e2705b-87bf-7c31-82c2-e666e56c312b&quot;]\" \/><\/strong>&#8211; Vertrauen \u2013 in Dich und Deine F\u00e4higkeiten als Allround-Talent.<br data-w-id=\"11d35054-65ef-21f7-95a4-d7c2c55302bc\" data-wf-id=\"[&quot;11d35054-65ef-21f7-95a4-d7c2c55302bc&quot;]\" \/>&#8211; Wertsch\u00e4tzung und Respekt im Familien gef\u00fchrten Unternehmen<br data-w-id=\"3fa2d2c5-80f7-667a-1c76-ed51b7a21000\" data-wf-id=\"[&quot;3fa2d2c5-80f7-667a-1c76-ed51b7a21000&quot;]\" \/>&#8211; Arbeitsschutz und Sicherheitskleidung<br data-w-id=\"c59a5b3c-2ca5-5153-6500-b531a4d6bd46\" data-wf-id=\"[&quot;c59a5b3c-2ca5-5153-6500-b531a4d6bd46&quot;]\" \/>\u200d<br data-w-id=\"47f4cd3e-cede-5ad0-4db3-b5a5082bf50f\" data-wf-id=\"[&quot;47f4cd3e-cede-5ad0-4db3-b5a5082bf50f&quot;]\" \/><strong data-w-id=\"035b7ac7-624b-90ee-1df6-e2845459eb0b\" data-wf-id=\"[&quot;035b7ac7-624b-90ee-1df6-e2845459eb0b&quot;]\">Wir suchen Mitarbeiter mit folgendem Profil<br data-w-id=\"f2ac4a6a-ee66-6788-21ce-d61a3c577f36\" data-wf-id=\"[&quot;f2ac4a6a-ee66-6788-21ce-d61a3c577f36&quot;]\" \/><\/strong>&#8211; G\u00fcltiger PKW F\u00fchrerschein<br data-w-id=\"b90a29b8-094f-d40d-d3a7-12d69e13d6e7\" data-wf-id=\"[&quot;b90a29b8-094f-d40d-d3a7-12d69e13d6e7&quot;]\" \/>&#8211; Freude und Tatkraft \u2013 Du siehst den Bedarf und musst nicht immer auf Arbeitsanweisungen warten<br data-w-id=\"b3a0ca2c-eb64-8eb3-98ba-e86163ceaf65\" data-wf-id=\"[&quot;b3a0ca2c-eb64-8eb3-98ba-e86163ceaf65&quot;]\" \/>&#8211; Handwerkliches Geschick \u2013 durch dein Allround-Talent kannst du nicht nur den Rasen m\u00e4hen, sondern auch den Pinsel schwingen oder kleine Sch\u00e4den reparieren<br data-w-id=\"73aefa5b-360c-7a9d-aa87-93510f366944\" data-wf-id=\"[&quot;73aefa5b-360c-7a9d-aa87-93510f366944&quot;]\" \/>[\/vc_column_text][\/vc_column][\/vc_row][vc_row type=&#8220;in_container&#8220; full_screen_row_position=&#8220;middle&#8220; scene_position=&#8220;center&#8220; text_color=&#8220;dark&#8220; text_align=&#8220;left&#8220; top_padding=&#8220;50&#8243; bottom_padding=&#8220;50&#8243; overlay_strength=&#8220;0.3&#8243; shape_divider_position=&#8220;bottom&#8220; bg_image_animation=&#8220;none&#8220; shape_type=&#8220;&#8220;][vc_column column_padding=&#8220;no-extra-padding&#8220; column_padding_position=&#8220;all&#8220; background_color_opacity=&#8220;1&#8243; background_hover_color_opacity=&#8220;1&#8243; column_link_target=&#8220;_self&#8220; column_shadow=&#8220;none&#8220; column_border_radius=&#8220;none&#8220; width=&#8220;1\/2&#8243; tablet_width_inherit=&#8220;default&#8220; tablet_text_alignment=&#8220;default&#8220; phone_text_alignment=&#8220;default&#8220; column_border_width=&#8220;none&#8220; column_border_style=&#8220;solid&#8220; bg_image_animation=&#8220;none&#8220;][vc_column_text]\n<h2>B\u00fcrokraft (m\/w\/d)<\/h2>\n[\/vc_column_text][\/vc_column][vc_column column_padding=&#8220;no-extra-padding&#8220; column_padding_position=&#8220;all&#8220; background_color_opacity=&#8220;1&#8243; background_hover_color_opacity=&#8220;1&#8243; column_link_target=&#8220;_self&#8220; column_shadow=&#8220;none&#8220; column_border_radius=&#8220;none&#8220; width=&#8220;1\/2&#8243; tablet_width_inherit=&#8220;default&#8220; tablet_text_alignment=&#8220;default&#8220; phone_text_alignment=&#8220;default&#8220; column_border_width=&#8220;none&#8220; column_border_style=&#8220;solid&#8220; bg_image_animation=&#8220;none&#8220;][vc_column_text]Als renommiertes Fliesenlegerunternehmen stehen wir seit Jahren f\u00fcr Qualit\u00e4t und Zuverl\u00e4ssigkeit. Unsere Projekte sind vielf\u00e4ltig und reichen von privaten Bauvorhaben bis hin zu gro\u00dfen Auftr\u00e4gen von \u00f6ffentlichen Einrichtungen. Zur Unterst\u00fctzung unseres Teams suchen wir nun eine engagierte B\u00fcrokraft.<\/p>\n<p>\u200d<br data-w-id=\"673a34a4-1856-1da7-f077-84897ccce5c5\" data-wf-id=\"[&quot;673a34a4-1856-1da7-f077-84897ccce5c5&quot;]\" \/><strong data-w-id=\"68d77354-f1b6-3935-3bf3-dc277d0cc290\" data-wf-id=\"[&quot;68d77354-f1b6-3935-3bf3-dc277d0cc290&quot;]\">Wir bieten Dir<br data-w-id=\"e9e2705b-87bf-7c31-82c2-e666e56c312b\" data-wf-id=\"[&quot;e9e2705b-87bf-7c31-82c2-e666e56c312b&quot;]\" \/><\/strong><\/p>\n<ul>\n<li>Einen sicheren Arbeitsplatz in einem etablierten Unternehmen<\/li>\n<li>Ein angenehmes Betriebsklima in einem motivierten Team<\/li>\n<li>Leistungsgerechte Verg\u00fctung<\/li>\n<li>Flexible Arbeitszeiten<\/li>\n<li>Fortbildungsm\u00f6glichkeiten zur individuellen F\u00f6rderung Ihrer Karriere<\/li>\n<\/ul>\n<p>\u200d<br data-w-id=\"47f4cd3e-cede-5ad0-4db3-b5a5082bf50f\" data-wf-id=\"[&quot;47f4cd3e-cede-5ad0-4db3-b5a5082bf50f&quot;]\" \/><strong data-w-id=\"035b7ac7-624b-90ee-1df6-e2845459eb0b\" data-wf-id=\"[&quot;035b7ac7-624b-90ee-1df6-e2845459eb0b&quot;]\">Wir suchen Mitarbeiter mit folgendem Profil<br data-w-id=\"f2ac4a6a-ee66-6788-21ce-d61a3c577f36\" data-wf-id=\"[&quot;f2ac4a6a-ee66-6788-21ce-d61a3c577f36&quot;]\" \/><\/strong><\/p>\n<ul>\n<li>Abgeschlossene kaufm\u00e4nnische Ausbildung oder vergleichbare Qualifikation<\/li>\n<li>Sicherer Umgang mit MS Office-Anwendungen<\/li>\n<li>Selbstst\u00e4ndige, strukturierte Arbeitsweise<\/li>\n<li>Hohe Serviceorientierung und freundlicher Umgang mit Kunden<\/li>\n<li>Teamf\u00e4higkeit und Flexibilit\u00e4t<\/li>\n<\/ul>\n[\/vc_column_text][\/vc_column][\/vc_row][vc_row type=&#8220;full_width_background&#8220; full_screen_row_position=&#8220;middle&#8220; bg_image=&#8220;81&#8243; bg_position=&#8220;center center&#8220; bg_repeat=&#8220;no-repeat&#8220; scene_position=&#8220;center&#8220; text_color=&#8220;dark&#8220; text_align=&#8220;left&#8220; top_padding=&#8220;50&#8243; bottom_padding=&#8220;50&#8243; color_overlay=&#8220;#1e73be&#8220; overlay_strength=&#8220;0.5&#8243; shape_divider_position=&#8220;bottom&#8220; bg_image_animation=&#8220;none&#8220; shape_type=&#8220;&#8220;][vc_column column_padding=&#8220;no-extra-padding&#8220; column_padding_position=&#8220;all&#8220; background_color_opacity=&#8220;1&#8243; background_hover_color_opacity=&#8220;1&#8243; column_link_target=&#8220;_self&#8220; column_shadow=&#8220;none&#8220; column_border_radius=&#8220;none&#8220; width=&#8220;1\/1&#8243; tablet_width_inherit=&#8220;default&#8220; tablet_text_alignment=&#8220;default&#8220; phone_text_alignment=&#8220;default&#8220; column_border_width=&#8220;none&#8220; column_border_style=&#8220;solid&#8220; bg_image_animation=&#8220;none&#8220;][nectar_cta btn_style=&#8220;see-through&#8220; heading_tag=&#8220;h2&#8243; text_color=&#8220;#ffffff&#8220; link_type=&#8220;regular&#8220; alignment=&#8220;center&#8220; text=&#8220;Interesse geweckt? Bewirb dich jetzt.&#8220; url=&#8220;mailto:info@wilhelm-timm-fliesen.de&#8220; link_text=&#8220;Gerne per Mail an info@wilhelm-timm-fliesen.de&#8220;][\/vc_column][\/vc_row]\n","protected":false},"excerpt":{"rendered":"<p>[vc_row type=&#8220;full_width_background&#8220; full_screen_row_position=&#8220;middle&#8220; bg_image=&#8220;78&#8243; bg_position=&#8220;center center&#8220; bg_repeat=&#8220;no-repeat&#8220; scene_position=&#8220;center&#8220; text_color=&#8220;dark&#8220; text_align=&#8220;left&#8220; overlay_strength=&#8220;0.3&#8243; shape_divider_position=&#8220;bottom&#8220; bg_image_animation=&#8220;none&#8220; shape_type=&#8220;&#8220;][vc_column column_padding=&#8220;no-extra-padding&#8220; column_padding_position=&#8220;all&#8220; background_color_opacity=&#8220;1&#8243; background_hover_color_opacity=&#8220;1&#8243; column_link_target=&#8220;_self&#8220; column_shadow=&#8220;none&#8220; column_border_radius=&#8220;none&#8220; width=&#8220;1\/1&#8243; tablet_width_inherit=&#8220;default&#8220; tablet_text_alignment=&#8220;default&#8220; phone_text_alignment=&#8220;default&#8220; column_border_width=&#8220;none&#8220; column_border_style=&#8220;solid&#8220; bg_image_animation=&#8220;none&#8220;][divider line_type=&#8220;No Line&#8220;&#8230;<\/p>\n","protected":false},"author":1,"featured_media":0,"parent":33,"menu_order":0,"comment_status":"closed","ping_status":"closed","template":"","meta":{"footnotes":""},"class_list":["post-76","page","type-page","status-publish"],"_links":{"self":[{"href":"https:\/\/wilhelm-Timm-Fliesen.de\/index.php\/wp-json\/wp\/v2\/pages\/76","targetHints":{"allow":["GET"]}}],"collection":[{"href":"https:\/\/wilhelm-Timm-Fliesen.de\/index.php\/wp-json\/wp\/v2\/pages"}],"about":[{"href":"https:\/\/wilhelm-Timm-Fliesen.de\/index.php\/wp-json\/wp\/v2\/types\/page"}],"author":[{"embeddable":true,"href":"https:\/\/wilhelm-Timm-Fliesen.de\/index.php\/wp-json\/wp\/v2\/users\/1"}],"replies":[{"embeddable":true,"href":"https:\/\/wilhelm-Timm-Fliesen.de\/index.php\/wp-json\/wp\/v2\/comments?post=76"}],"version-history":[{"count":16,"href":"https:\/\/wilhelm-Timm-Fliesen.de\/index.php\/wp-json\/wp\/v2\/pages\/76\/revisions"}],"predecessor-version":[{"id":798,"href":"https:\/\/wilhelm-Timm-Fliesen.de\/index.php\/wp-json\/wp\/v2\/pages\/76\/revisions\/798"}],"up":[{"embeddable":true,"href":"https:\/\/wilhelm-Timm-Fliesen.de\/index.php\/wp-json\/wp\/v2\/pages\/33"}],"wp:attachment":[{"href":"https:\/\/wilhelm-Timm-Fliesen.de\/index.php\/wp-json\/wp\/v2\/media?parent=76"}],"curies":[{"name":"wp","href":"https:\/\/api.w.org\/{rel}","templated":true}]}}